{"id":10034,"date":"2018-06-05T14:04:30","date_gmt":"2018-06-05T14:04:30","guid":{"rendered":"https:\/\/www.duckdive.pt\/?page_id=10034"},"modified":"2023-01-19T10:23:41","modified_gmt":"2023-01-19T10:23:41","slug":"politica-de-privacidade","status":"publish","type":"page","link":"https:\/\/www.duckdive.pt\/en\/politica-de-privacidade\/","title":{"rendered":"Politica de Privacidade"},"content":{"rendered":"<div class=\"wpb-content-wrapper\">[mk_page_section bg_image=&#8221;http:\/\/www.duckdive.pt\/wp-content\/uploads\/2016\/01\/dsc_2700.jpg&#8221; bg_position=&#8221;center center&#8221; bg_repeat=&#8221;no-repeat&#8221; bg_stretch=&#8221;true&#8221; enable_3d=&#8221;true&#8221; video_color_mask=&#8221;#000000&#8243; min_height=&#8221;0&#8243; full_width=&#8221;true&#8221; js_vertical_centered=&#8221;true&#8221; padding_top=&#8221;0&#8243; padding_bottom=&#8221;200&#8243; top_shape_color=&#8221;#ffffff&#8221; has_bottom_shape_divider=&#8221;true&#8221; bottom_shape_color=&#8221;#efefef&#8221; sidebar=&#8221;sidebar-1&#8243;][vc_column][mk_padding_divider size=&#8221;150&#8243; visibility=&#8221;hidden-sm&#8221;][mk_fancy_title color=&#8221;#ffffff&#8221; size=&#8221;72&#8243; force_font_size=&#8221;true&#8221; size_phone=&#8221;50&#8243; font_weight=&#8221;bolder&#8221; txt_transform=&#8221;uppercase&#8221; margin_bottom=&#8221;0&#8243; font_family=&#8221;Share+Tech+Mono&#8221; font_type=&#8221;google&#8221; align=&#8221;center&#8221; animation=&#8221;top-to-bottom&#8221;]Politica de Privacidade[\/mk_fancy_title][mk_padding_divider size=&#8221;150&#8243; visibility=&#8221;hidden-sm&#8221;][\/vc_column][\/mk_page_section][vc_row][vc_column][mk_padding_divider size=&#8221;100&#8243;][\/vc_column][\/vc_row][vc_row][vc_column css=&#8221;.vc_custom_1496316034374{margin-top: 20px !important;}&#8221;][vc_column_text disable_pattern=&#8221;false&#8221; css=&#8221;.vc_custom_1531836059687{margin-bottom: 0px !important;}&#8221;]\n<div class=\"wpb_text_column wpb_content_element \">\n<div class=\"wpb_wrapper\">\n<h2>\u00c2MBITO GERAL<\/h2>\n<\/div>\n<\/div>\n<div class=\"vc_empty_space\"><\/div>\n<div class=\"wpb_text_column wpb_content_element \">\n<div class=\"wpb_wrapper\">\n<p>A DUCKDIVE NATURE SPORTS UNIPESSOAL LDA, com sede Praceta 25 de Abril , n\u00ba245, Cova do Vapor. 2825-897 Trafaria, encontra-se registada na Conservat\u00f3ria do Registo Comercial de Lisboa com o n\u00famero \u00fanico de Matr\u00edcula e NIPC (n\u00famero identifica\u00e7\u00e3o pessoa coletiva) 514020750.<br \/>\nA DUCKDIVE \u00e9 respons\u00e1vel por este website. A presente pol\u00edtica de privacidade abrange este website, assim como outros sites que mencionem a dita pol\u00edtica.<br \/>\nA\u00a0DUCKDIVE compromete-se a respeitar a privacidade do Utilizador e a processar os seus dados pessoais de uma forma cuidadosa e confidencial, de acordo com as leis aplic\u00e1veis. Os dados n\u00e3o ser\u00e3o processados para quaisquer outros fins que n\u00e3o os aqui especificados.<br \/>\nA\u00a0DUCKDIVE reserva-se o direito de atualizar ou modificar a sua Pol\u00edtica de Privacidade a qualquer momento, nomeadamente, de forma a adapt\u00e1-la a altera\u00e7\u00f5es legislativas. O Utilizador \u00e9 assim aconselhado a visitar esta p\u00e1gina regularmente.<\/p>\n<\/div>\n<\/div>\n<div class=\"vc_empty_space\"><\/div>\n<div class=\"wpb_text_column wpb_content_element \">\n<div class=\"wpb_wrapper\">\n<h2>CONSENTIMENTO<\/h2>\n<\/div>\n<\/div>\n<div class=\"vc_empty_space\"><\/div>\n<div class=\"wpb_text_column wpb_content_element \">\n<div class=\"wpb_wrapper\">\n<p>Ao utilizar este website, est\u00e1 a dar o seu consentimento para a recolha e utiliza\u00e7\u00e3o das informa\u00e7\u00f5es.<br \/>\nA\u00a0DUCKDIVE pode a qualquer momento modificar, adicionar ou eliminar qualquer uma das pol\u00edticas de privacidade do seu website (www.webit.ws) atrav\u00e9s da atualiza\u00e7\u00e3o do conte\u00fado desta p\u00e1gina.<\/p>\n<\/div>\n<\/div>\n<div class=\"vc_empty_space\"><\/div>\n<div class=\"wpb_text_column wpb_content_element \">\n<div class=\"wpb_wrapper\">\n<h2>TIPOS DE DADOS S\u00c3O RECOLHIDOS PELA DUCKDIVE<\/h2>\n<\/div>\n<\/div>\n<div class=\"vc_empty_space\"><\/div>\n<div class=\"wpb_text_column wpb_content_element \">\n<div class=\"wpb_wrapper\">\n<p>A\u00a0DUCKDIVE no \u00e2mbito da sua actividade, procede \u00e0 recolha e ao tratamento dos dados pessoais necess\u00e1rios \u00e0 presta\u00e7\u00e3o de servi\u00e7os e\/ou fornecimento de produtos, tratando nesse \u00e2mbito dados como o nome e o endere\u00e7o de correio eletr\u00f3nico.<\/p>\n<\/div>\n<\/div>\n<div class=\"vc_empty_space\"><\/div>\n<div class=\"wpb_text_column wpb_content_element \">\n<div class=\"wpb_wrapper\">\n<h2>FINS PARA QUE A\u00a0DUCKDIVE RECOLHE DADOS PESSOAIS DOS UTILIZADORES<\/h2>\n<\/div>\n<\/div>\n<div class=\"vc_empty_space\"><\/div>\n<div class=\"wpb_text_column wpb_content_element \">\n<div class=\"wpb_wrapper\">\n<p>Os dados recolhidos no website destinam-se ao processamento de pedidos de informa\u00e7\u00e3o, an\u00e1lise estat\u00edstica e marketing direto.<\/p>\n<\/div>\n<\/div>\n<div class=\"vc_empty_space\"><\/div>\n<div class=\"wpb_text_column wpb_content_element \">\n<div class=\"wpb_wrapper\">\n<h2>UTILIZA\u00c7\u00c3O DOS DADOS PESSOAIS PARA MARKETING DIRETO<\/h2>\n<\/div>\n<\/div>\n<div class=\"vc_empty_space\"><\/div>\n<div class=\"wpb_text_column wpb_content_element \">\n<div class=\"wpb_wrapper\">\n<p>A\u00a0DUCKDIVE poder\u00e1 utilizar os seus dados pessoais para lhe enviar qualquer correio n\u00e3o solicitado relacionado com produtos ou ofertas comerciais que possam ser do seu interesse. A\u00a0DUCKDIVE n\u00e3o vende nem negocia os seus dados.<br \/>\nO cliente autoriza expressamente a\u00a0DUCKDIVE a enviar informa\u00e7\u00e3o sobre produtos e servi\u00e7os que possam ser do seu interesse utilizando os seus dados pessoais para efeitos de marketing direto atrav\u00e9s de qualquer canal de comunica\u00e7\u00e3o, nomeadamente mediante a utiliza\u00e7\u00e3o de correio eletr\u00f3nico, telefone, SMS, MMS ou outras formas de chamada autom\u00e1tica. A\u00a0DUCKDIVE n\u00e3o comercializar\u00e1 nem partilhar\u00e1 a sua base de dados de clientes com terceiros.<\/p>\n<\/div>\n<\/div>\n<div class=\"vc_empty_space\"><\/div>\n<div class=\"wpb_text_column wpb_content_element \">\n<div class=\"wpb_wrapper\">\n<h2>ACESSO AOS DADOS PESSOAIS DOS UTILIZADORES<\/h2>\n<\/div>\n<\/div>\n<div class=\"vc_empty_space\"><\/div>\n<div class=\"wpb_text_column wpb_content_element \">\n<div class=\"wpb_wrapper\">\n<p>A\u00a0DUCKDIVE n\u00e3o divulga a terceiros quaisquer dados pessoais dos seus Clientes e Utilizadores, sem o seu consentimento, exceto (1) quando tal seja necess\u00e1rio para que os colaboradores, funcion\u00e1rios, fornecedores ou parceiros comerciais da\u00a0DUCKDIVE possam fornecer um produto ou servi\u00e7o ou executar uma fun\u00e7\u00e3o em nome daDUCKDIVE, ou (2) quando tal for exigido ou permitido por lei.<br \/>\nA\u00a0DUCKDIVE adotar\u00e1 as precau\u00e7\u00f5es razo\u00e1veis para garantir que os seus funcion\u00e1rios ou colaboradores com acesso a dados pessoais recebam forma\u00e7\u00e3o adequada ao seu correto processamento, com respeito pela presente pol\u00edtica e pelas obriga\u00e7\u00f5es legais de prote\u00e7\u00e3o de dados. No caso de incumprimento, a\u00a0DUCKDIVE aplicar\u00e1 san\u00e7\u00f5es disciplinares aos seus funcion\u00e1rios e colaboradores.<br \/>\nEm geral e neste cap\u00edtulo, a\u00a0DUCKDIVE salvaguardar\u00e1 o cumprimento da Lei da Prote\u00e7\u00e3o de Dados Pessoais.<\/p>\n<\/div>\n<\/div>\n<div class=\"vc_empty_space\"><\/div>\n<div class=\"wpb_text_column wpb_content_element \">\n<div class=\"wpb_wrapper\">\n<h2>OS DADOS DOS UTILIZADORES EST\u00c3O SEGUROS<\/h2>\n<\/div>\n<\/div>\n<div class=\"vc_empty_space\"><\/div>\n<div class=\"wpb_text_column wpb_content_element \">\n<div class=\"wpb_wrapper\">\n<p>Os Sistemas da\u00a0DUCKDIVE s\u00e3o protegidos e mantidos de acordo com standards elevados de seguran\u00e7a e por forma a respeitar as leis de privacidade aplic\u00e1veis.<br \/>\nA\u00a0DUCKDIVE tomou as medidas t\u00e9cnicas e organizacionais necess\u00e1rias para proteger, de forma adequada, os seus dados relativamente a processamento e acesso n\u00e3o autorizado.<br \/>\nA\u00a0DUCKDIVE desenvolve todos os esfor\u00e7os razo\u00e1veis adequados para evitar a utiliza\u00e7\u00e3o n\u00e3o autorizada ou ilegal dos dados pessoais do Utilizador, bem como a sua perda, destrui\u00e7\u00e3o ou danifica\u00e7\u00e3o. No entanto, a\u00a0DUCKDIVE n\u00e3o pode fornecer uma garantia absoluta relativamente aos dados do Utilizador.<br \/>\nA\u00a0DUCKDIVE protege a seguran\u00e7a dos dados pessoais do Utilizador, nomeadamente atrav\u00e9s dos seguintes meios: (1) Uso de Protocolos de Comunica\u00e7\u00e3o Standard e Seguros; (2) uso de passwords robustas e seguras; (3) Uso de Logs Aplicacionais de Opera\u00e7\u00f5es sobre os Sistemas; (4) uso de encripta\u00e7\u00e3o.<\/p>\n<\/div>\n<\/div>\n<div class=\"vc_empty_space\"><\/div>\n<div class=\"wpb_text_column wpb_content_element \">\n<div class=\"wpb_wrapper\">\n<h2>LINKS NO WEBSITE<\/h2>\n<\/div>\n<\/div>\n<div class=\"vc_empty_space\"><\/div>\n<div class=\"wpb_text_column wpb_content_element \">\n<div class=\"wpb_wrapper\">\n<p>O website da\u00a0DUCKDIVE pode conter links para outros websites e endere\u00e7os de e-mail de empresas n\u00e3o pertencentes \u00e0 DUCKDIVE. A presente pol\u00edtica de Privacidade n\u00e3o se aplica a esses websites e endere\u00e7os de e-mail.<\/p>\n<\/div>\n<\/div>\n<div class=\"vc_empty_space\"><\/div>\n<div class=\"wpb_text_column wpb_content_element \">\n<div class=\"wpb_wrapper\">\n<h2>NOSSA POL\u00cdTICA DE COOKIES<\/h2>\n<\/div>\n<\/div>\n<div class=\"vc_empty_space\"><\/div>\n<div class=\"wpb_text_column wpb_content_element \">\n<div class=\"wpb_wrapper\">\n<p>Veja a nossa pol\u00edtica de Cookies aqui:<br \/>\n<a href=\"https:\/\/www.duckdive.pt\/politica-de-cookies\/\">https:\/\/www.duckdive.pt\/politica-de-cookies<\/a><br \/>\nEm geral, os cookies s\u00e3o ficheiros que armazenam informa\u00e7\u00f5es no disco r\u00edgido ou browser do Utilizador, permitindo, nomeadamente, que os websites o reconhe\u00e7am e saibam que j\u00e1 os visitou anteriormente.<br \/>\nO Utilizador pode configurar o seu browser para recusar os cookies, por\u00e9m nesse caso, o website ou partes do mesmo podem n\u00e3o funcionar corretamente.<br \/>\nOs cookies s\u00e3o utilizados para monitorizar e analisar a utiliza\u00e7\u00e3o do website, permitindo \u00e0\u00a0DUCKDIVE identificar e servir melhor o Utilizador.<br \/>\nA\u00a0DUCKDIVE n\u00e3o partilha cookies com terceiros, incluindo fornecedores externos de dados ou websites.<\/p>\n<\/div>\n<\/div>\n<div class=\"vc_empty_space\"><\/div>\n<div class=\"wpb_text_column wpb_content_element \">\n<div class=\"wpb_wrapper\">\n<h2>NOSSOS DADOS LEGAIS<\/h2>\n<\/div>\n<\/div>\n<div class=\"vc_empty_space\"><\/div>\n<div class=\"wpb_text_column wpb_content_element \">\n<div class=\"wpb_wrapper\">\n<p>Veja os nossos Dados Legais aqui:<br \/>\n<a href=\"https:\/\/www.duckdive.pt\/dados-legais\/\">https:\/\/www.duckdive.pt\/dados-legais<\/a><\/p>\n<\/div>\n<\/div>\n<div class=\"vc_empty_space\"><\/div>\n<div class=\"wpb_text_column wpb_content_element \">\n<div class=\"wpb_wrapper\">\n<h2>DIREITOS DO UTILIZADOR NO QUE RESPEITA AOS DADOS<\/h2>\n<\/div>\n<\/div>\n<div class=\"vc_empty_space\"><\/div>\n<div class=\"wpb_text_column wpb_content_element \">\n<div class=\"wpb_wrapper\">\n<p>De acordo com Lei da Prote\u00e7\u00e3o de Dados Pessoais, o Utilizador tem direito a obter informa\u00e7\u00f5es sobre os seus dados pessoais. Tem o direito de saber que dados pessoais foram processados pela DUCKDIVE, podendo tamb\u00e9m requerer \u00e0 DUCKDIVE para corrigir, complementar, bloquear ou eliminar os dados total ou parcialmente no caso de se revelarem incompletos, incorretos ou irrelevantes para efeitos de processamento.<br \/>\nA atualiza\u00e7\u00e3o de dados dever\u00e1 ser efetuada pelo pr\u00f3prio cliente no website, na sec\u00e7\u00e3o especificamente disponibilizada para o efeito.<br \/>\nCaso deseje, a qualquer momento, deixar de fazer parte da base de dados\u00a0DUCKDIVE poder\u00e1 exercer esse direito, contactando-nos atrav\u00e9s dos seguintes meios:<\/p>\n<p>Email: info@duckdive.pt<\/p>\n<div class=\"clearboth\">Carta:\u00a0\u00a0Praia do Castelo, Costa da Caparica, Setubal<\/div>\n<\/div>\n<\/div>\n[\/vc_column_text][\/vc_column][\/vc_row][vc_row][vc_column][mk_padding_divider size=&#8221;140&#8243;][mk_fancy_title font_family=&#8221;none&#8221; align=&#8221;center&#8221;]\u00a9 2023 DUCKDIVE NATURE SPORTS, LDA. TODOS OS DIREITOS RESERVADOS.<\/p>\n<p>Tel.: 967102127 * Cost of a call to the national mobile network<\/p>\n<p>Email: <a href=\"mailto:info@duckdive.pt\">info@duckdive.pt<\/a> * Morada: Praia do Castelo, Costa da Caparica, Setubal[\/mk_fancy_title][mk_fancy_title font_family=&#8221;none&#8221; align=&#8221;center&#8221;]<a href=\"https:\/\/www.duckdive.pt\/politica-de-cookies\/\">Politica de Cookies<\/a><\/p>\n<p><a href=\"https:\/\/www.duckdive.pt\/politica-de-privacidade\/\">Politica de Privacidade<\/a><\/p>\n<p><a href=\"https:\/\/www.duckdive.pt\/dados-legais\/\">Dados Legais<\/a>[\/mk_fancy_title][\/vc_column][\/vc_row]\n<\/div>","protected":false},"excerpt":{"rendered":"<p>[mk_page_section bg_image=&#8221;http:\/\/www.duckdive.pt\/wp-content\/uploads\/2016\/01\/dsc_2700.jpg&#8221; bg_position=&#8221;center center&#8221; bg_repeat=&#8221;no-repeat&#8221; bg_stretch=&#8221;true&#8221; enable_3d=&#8221;true&#8221; video_color_mask=&#8221;#000000&#8243; min_height=&#8221;0&#8243; full_width=&#8221;true&#8221; js_vertical_centered=&#8221;true&#8221; padding_top=&#8221;0&#8243; padding_bottom=&#8221;200&#8243; top_shape_color=&#8221;#ffffff&#8221; has_bottom_shape_divider=&#8221;true&#8221; bottom_shape_color=&#8221;#efefef&#8221; sidebar=&#8221;sidebar-1&#8243;][vc_column][mk_padding_divider size=&#8221;150&#8243; visibility=&#8221;hidden-sm&#8221;][mk_fancy_title color=&#8221;#ffffff&#8221; size=&#8221;72&#8243; force_font_size=&#8221;true&#8221; size_phone=&#8221;50&#8243; font_weight=&#8221;bolder&#8221; txt_transform=&#8221;uppercase&#8221; margin_bottom=&#8221;0&#8243; font_family=&#8221;Share+Tech+Mono&#8221; font_type=&#8221;google&#8221; align=&#8221;center&#8221; animation=&#8221;top-to-bottom&#8221;]Politica de Privacidade[\/mk_fancy_title][mk_padding_divider size=&#8221;150&#8243; visibility=&#8221;hidden-sm&#8221;][\/vc_column][\/mk_page_section][vc_row][vc_column][mk_padding_divider size=&#8221;100&#8243;][\/vc_column][\/vc_row][vc_row][vc_column css=&#8221;.vc_custom_1496316034374{margin-top: 20px !important;}&#8221;][vc_column_text disable_pattern=&#8221;false&#8221; css=&#8221;.vc_custom_1531836059687{margin-bottom: 0px !important;}&#8221;] \u00c2MBITO GERAL A DUCKDIVE NATURE SPORTS UNIPESSOAL LDA, com sede Praceta 25 de [&hellip;]<\/p>\n","protected":false},"author":1,"featured_media":0,"parent":0,"menu_order":0,"comment_status":"closed","ping_status":"closed","template":"","meta":{"footnotes":""},"class_list":["post-10034","page","type-page","status-publish","hentry"],"_links":{"self":[{"href":"https:\/\/www.duckdive.pt\/en\/wp-json\/wp\/v2\/pages\/10034","targetHints":{"allow":["GET"]}}],"collection":[{"href":"https:\/\/www.duckdive.pt\/en\/wp-json\/wp\/v2\/pages"}],"about":[{"href":"https:\/\/www.duckdive.pt\/en\/wp-json\/wp\/v2\/types\/page"}],"author":[{"embeddable":true,"href":"https:\/\/www.duckdive.pt\/en\/wp-json\/wp\/v2\/users\/1"}],"replies":[{"embeddable":true,"href":"https:\/\/www.duckdive.pt\/en\/wp-json\/wp\/v2\/comments?post=10034"}],"version-history":[{"count":0,"href":"https:\/\/www.duckdive.pt\/en\/wp-json\/wp\/v2\/pages\/10034\/revisions"}],"wp:attachment":[{"href":"https:\/\/www.duckdive.pt\/en\/wp-json\/wp\/v2\/media?parent=10034"}],"curies":[{"name":"wp","href":"https:\/\/api.w.org\/{rel}","templated":true}]}}