{"id":10039,"date":"2018-06-05T14:03:12","date_gmt":"2018-06-05T14:03:12","guid":{"rendered":"https:\/\/www.duckdive.pt\/?page_id=10039"},"modified":"2023-01-19T10:05:00","modified_gmt":"2023-01-19T10:05:00","slug":"politica-de-cookies","status":"publish","type":"page","link":"https:\/\/www.duckdive.pt\/en\/politica-de-cookies\/","title":{"rendered":"Politica de Cookies"},"content":{"rendered":"<div class=\"wpb-content-wrapper\">[mk_page_section bg_image=&#8221;http:\/\/www.duckdive.pt\/wp-content\/uploads\/2016\/01\/dsc_2700.jpg&#8221; bg_position=&#8221;center center&#8221; bg_repeat=&#8221;no-repeat&#8221; bg_stretch=&#8221;true&#8221; enable_3d=&#8221;true&#8221; video_color_mask=&#8221;#000000&#8243; min_height=&#8221;0&#8243; full_width=&#8221;true&#8221; js_vertical_centered=&#8221;true&#8221; padding_top=&#8221;0&#8243; padding_bottom=&#8221;200&#8243; top_shape_color=&#8221;#ffffff&#8221; has_bottom_shape_divider=&#8221;true&#8221; bottom_shape_color=&#8221;#efefef&#8221; sidebar=&#8221;sidebar-1&#8243;][vc_column][mk_padding_divider size=&#8221;150&#8243; visibility=&#8221;hidden-sm&#8221;][mk_fancy_title color=&#8221;#ffffff&#8221; size=&#8221;72&#8243; force_font_size=&#8221;true&#8221; size_phone=&#8221;50&#8243; font_weight=&#8221;bolder&#8221; txt_transform=&#8221;uppercase&#8221; margin_bottom=&#8221;0&#8243; font_family=&#8221;Share+Tech+Mono&#8221; font_type=&#8221;google&#8221; align=&#8221;center&#8221; animation=&#8221;top-to-bottom&#8221;]Politica de Cookies[\/mk_fancy_title][mk_padding_divider size=&#8221;150&#8243; visibility=&#8221;hidden-sm&#8221;][\/vc_column][\/mk_page_section][vc_row][vc_column][mk_padding_divider size=&#8221;100&#8243;][\/vc_column][\/vc_row][vc_row][vc_column css=&#8221;.vc_custom_1496316034374{margin-top: 20px !important;}&#8221;][vc_column_text disable_pattern=&#8221;false&#8221; css=&#8221;.vc_custom_1528126137145{margin-bottom: 0px !important;}&#8221;]\n<div class=\"wpb_text_column wpb_content_element \">\n<div class=\"wpb_wrapper\">\n<h2>Pol\u00edtica de Cookies<\/h2>\n<\/div>\n<\/div>\n<div class=\"vc_empty_space\"><\/div>\n<div class=\"wpb_text_column wpb_content_element \">\n<div class=\"wpb_wrapper\">\n<p>Um Cookie, tamb\u00e9m conhecido como Cookie HTTP, Cookie web ou Cookie de navegador, \u00e9 um pequeno ficheiro de texto que \u00e9 armazenado nos diret\u00f3rios do navegador do seu pc ou telem\u00f3vel, retendo informa\u00e7\u00f5es das suas prefer\u00eancias, n\u00e3o incluindo, como tal, os seus dados pessoais.<\/p>\n<p>Os Cookies s\u00e3o utilizados para facilitar e melhorar a efici\u00eancia da navega\u00e7\u00e3o no websites, guardando a informa\u00e7\u00e3o das suas prefer\u00eancias e eliminando a necessidade de introduzir repetidamente a informa\u00e7\u00e3o.<\/p>\n<p>Existem dois tipos de Cookies:<\/p>\n<ul>\n<li><strong>Cookies de Sess\u00e3o<\/strong>\u00a0\u2013 S\u00e3o Cookies tempor\u00e1rios que o servidor utiliza para guardar informa\u00e7\u00e3o sobre as actividades do utilizador no site durante uma sess\u00e3o do navegador. Estes Cookies s\u00e3o eliminados sempre que o navegador \u00e9 fechado.<\/li>\n<li><strong>Cookies Permanentes<\/strong>\u00a0\u2013 S\u00e3o Cookies que ficam armazenados nos diret\u00f3rios do navegador no seu computador ou telem\u00f3vel. Estes Cookies s\u00e3o utilizados sempre que o utilizador realiza uma nova visita ao site e servem geralmente para guardar informa\u00e7\u00f5es de prefer\u00eancias e interesses, permitindo assim a presta\u00e7\u00e3o de um servi\u00e7o mais personalizado.<\/li>\n<\/ul>\n<p>Para mais informa\u00e7\u00e3o sobre Cookies ir at\u00e9\u00a0<a href=\"http:\/\/www.allaboutcookies.org\/\">http:\/\/www.allaboutcookies.org\/<\/a><\/p>\n<\/div>\n<\/div>\n<div class=\"vc_empty_space\"><\/div>\n<div class=\"wpb_text_column wpb_content_element \">\n<div class=\"wpb_wrapper\">\n<h2>Cookies Utilizados<\/h2>\n<\/div>\n<\/div>\n<div class=\"vc_empty_space\"><\/div>\n<div class=\"wpb_text_column wpb_content_element \">\n<div class=\"wpb_wrapper\">\n<p>Os seus Cookies podem ser utilizados com os seguintes objetivos:<\/p>\n<ul>\n<li>Para reconhecer o seu computador quando visita o nosso website<\/li>\n<li>Para registar a sua navega\u00e7\u00e3o pelo website<\/li>\n<li>Para melhorar a usuabilidade do website<\/li>\n<li>Para analisar a sua utiliza\u00e7\u00e3o do website<\/li>\n<\/ul>\n<p>Utilizamos o Google Analytics para analisar a sua utiliza\u00e7\u00e3o do website. O Google Analytics gera estat\u00edsticas e outras informa\u00e7\u00f5es sobre o website atrav\u00e9s dos cookies que s\u00e3o guardados no seu computador. A informa\u00e7\u00e3o gerada relacionada com o nosso website \u00e9 utilizada para criar relat\u00f3rios sobre a utiliza\u00e7\u00e3o do mesmo. O Google vai guardar esta informa\u00e7\u00e3o. A pol\u00edtica de privacidade do Google est\u00e1 dispon\u00edvel em\u00a0<a href=\"http:\/\/www.google.com\/privacypolicy.html\">http:\/\/www.google.com\/privacypolicy.html<\/a>.<\/p>\n<\/div>\n<\/div>\n<div class=\"vc_empty_space\"><\/div>\n<div class=\"wpb_text_column wpb_content_element \">\n<div class=\"wpb_wrapper\">\n<h2>Como posso gerir os Cookies?<\/h2>\n<\/div>\n<\/div>\n<div class=\"vc_empty_space\"><\/div>\n<div class=\"wpb_text_column wpb_content_element \">\n<div class=\"wpb_wrapper\">\n<p>Os Cookies podem ser desativados em parte ou na sua totalidade a qualquer momento. No entanto, devido ao seu papel melhoramento de usabilidade do site, desativar os Cookies pode impedir que os usu\u00e1rios utilizem determinados websites.<\/p>\n<p>Para desativar os Cookies nos diferentes navegadores ir at\u00e9\u00a0<a href=\"http:\/\/www.allaboutcookies.org\/manage-cookies\/\">http:\/\/www.allaboutcookies.org\/manage-cookies\/<\/a><\/p>\n<\/div>\n<\/div>\n<div class=\"vc_empty_space\"><\/div>\n<div class=\"wpb_text_column wpb_content_element \">\n<div class=\"wpb_wrapper\">\n<h2>Contacte-nos<\/h2>\n<\/div>\n<\/div>\n<div class=\"vc_empty_space\"><\/div>\n<div class=\"wpb_text_column wpb_content_element \">\n<div class=\"wpb_wrapper\">\n<p>Se tiver alguma quest\u00e3o sobre Cookies ou sobre a nossa pol\u00edtica de cookies, por favor entre em contacto.<\/p>\n<p>Ao continuar a navegar neste site est\u00e1 a concordar com a nossa pol\u00edtica de Cookies.<\/p>\n<\/div>\n<\/div>\n[\/vc_column_text][\/vc_column][\/vc_row][vc_row][vc_column][mk_padding_divider size=&#8221;140&#8243;][mk_fancy_title font_family=&#8221;none&#8221; align=&#8221;center&#8221;]\u00a9 2023 DUCKDIVE NATURE SPORTS, LDA. TODOS OS DIREITOS RESERVADOS.<\/p>\n<p>Tel.: 967102127 * Email: <a href=\"mailto:info@duckdive.pt\">info@duckdive.pt<\/a> * Morada: Praia do Castelo, Costa da Caparica, Setubal[\/mk_fancy_title][mk_fancy_title font_family=&#8221;none&#8221; align=&#8221;center&#8221;]<a href=\"https:\/\/www.duckdive.pt\/politica-de-cookies\/\">Politica de Cookies<\/a><\/p>\n<p><a href=\"https:\/\/www.duckdive.pt\/politica-de-privacidade\/\">Politica de Privacidade<\/a><\/p>\n<p><a href=\"https:\/\/www.duckdive.pt\/dados-legais\/\">Dados Legais<\/a>[\/mk_fancy_title][\/vc_column][\/vc_row]\n<\/div>","protected":false},"excerpt":{"rendered":"<p>[mk_page_section bg_image=&#8221;http:\/\/www.duckdive.pt\/wp-content\/uploads\/2016\/01\/dsc_2700.jpg&#8221; bg_position=&#8221;center center&#8221; bg_repeat=&#8221;no-repeat&#8221; bg_stretch=&#8221;true&#8221; enable_3d=&#8221;true&#8221; video_color_mask=&#8221;#000000&#8243; min_height=&#8221;0&#8243; full_width=&#8221;true&#8221; js_vertical_centered=&#8221;true&#8221; padding_top=&#8221;0&#8243; padding_bottom=&#8221;200&#8243; top_shape_color=&#8221;#ffffff&#8221; has_bottom_shape_divider=&#8221;true&#8221; bottom_shape_color=&#8221;#efefef&#8221; sidebar=&#8221;sidebar-1&#8243;][vc_column][mk_padding_divider size=&#8221;150&#8243; visibility=&#8221;hidden-sm&#8221;][mk_fancy_title color=&#8221;#ffffff&#8221; size=&#8221;72&#8243; force_font_size=&#8221;true&#8221; size_phone=&#8221;50&#8243; font_weight=&#8221;bolder&#8221; txt_transform=&#8221;uppercase&#8221; margin_bottom=&#8221;0&#8243; font_family=&#8221;Share+Tech+Mono&#8221; font_type=&#8221;google&#8221; align=&#8221;center&#8221; animation=&#8221;top-to-bottom&#8221;]Politica de Cookies[\/mk_fancy_title][mk_padding_divider size=&#8221;150&#8243; visibility=&#8221;hidden-sm&#8221;][\/vc_column][\/mk_page_section][vc_row][vc_column][mk_padding_divider size=&#8221;100&#8243;][\/vc_column][\/vc_row][vc_row][vc_column css=&#8221;.vc_custom_1496316034374{margin-top: 20px !important;}&#8221;][vc_column_text disable_pattern=&#8221;false&#8221; css=&#8221;.vc_custom_1528126137145{margin-bottom: 0px !important;}&#8221;] Pol\u00edtica de Cookies Um Cookie, tamb\u00e9m conhecido como Cookie HTTP, Cookie web ou [&hellip;]<\/p>\n","protected":false},"author":1,"featured_media":0,"parent":0,"menu_order":0,"comment_status":"closed","ping_status":"closed","template":"","meta":{"footnotes":""},"class_list":["post-10039","page","type-page","status-publish","hentry"],"_links":{"self":[{"href":"https:\/\/www.duckdive.pt\/en\/wp-json\/wp\/v2\/pages\/10039","targetHints":{"allow":["GET"]}}],"collection":[{"href":"https:\/\/www.duckdive.pt\/en\/wp-json\/wp\/v2\/pages"}],"about":[{"href":"https:\/\/www.duckdive.pt\/en\/wp-json\/wp\/v2\/types\/page"}],"author":[{"embeddable":true,"href":"https:\/\/www.duckdive.pt\/en\/wp-json\/wp\/v2\/users\/1"}],"replies":[{"embeddable":true,"href":"https:\/\/www.duckdive.pt\/en\/wp-json\/wp\/v2\/comments?post=10039"}],"version-history":[{"count":0,"href":"https:\/\/www.duckdive.pt\/en\/wp-json\/wp\/v2\/pages\/10039\/revisions"}],"wp:attachment":[{"href":"https:\/\/www.duckdive.pt\/en\/wp-json\/wp\/v2\/media?parent=10039"}],"curies":[{"name":"wp","href":"https:\/\/api.w.org\/{rel}","templated":true}]}}