{"id":10041,"date":"2018-06-05T14:01:32","date_gmt":"2018-06-05T14:01:32","guid":{"rendered":"https:\/\/www.duckdive.pt\/?page_id=10041"},"modified":"2023-01-19T10:06:40","modified_gmt":"2023-01-19T10:06:40","slug":"dados-legais","status":"publish","type":"page","link":"https:\/\/www.duckdive.pt\/en\/dados-legais\/","title":{"rendered":"Dados Legais"},"content":{"rendered":"<div class=\"wpb-content-wrapper\">[mk_page_section bg_image=&#8221;http:\/\/www.duckdive.pt\/wp-content\/uploads\/2016\/01\/dsc_2700.jpg&#8221; bg_position=&#8221;center center&#8221; bg_repeat=&#8221;no-repeat&#8221; bg_stretch=&#8221;true&#8221; enable_3d=&#8221;true&#8221; video_color_mask=&#8221;#000000&#8243; min_height=&#8221;0&#8243; full_width=&#8221;true&#8221; js_vertical_centered=&#8221;true&#8221; padding_top=&#8221;0&#8243; padding_bottom=&#8221;200&#8243; top_shape_color=&#8221;#ffffff&#8221; has_bottom_shape_divider=&#8221;true&#8221; bottom_shape_color=&#8221;#efefef&#8221; sidebar=&#8221;sidebar-1&#8243;][vc_column][mk_padding_divider size=&#8221;150&#8243; visibility=&#8221;hidden-sm&#8221;][mk_fancy_title color=&#8221;#ffffff&#8221; size=&#8221;72&#8243; force_font_size=&#8221;true&#8221; size_phone=&#8221;50&#8243; font_weight=&#8221;bolder&#8221; txt_transform=&#8221;uppercase&#8221; margin_bottom=&#8221;0&#8243; font_family=&#8221;Share+Tech+Mono&#8221; font_type=&#8221;google&#8221; align=&#8221;center&#8221; animation=&#8221;top-to-bottom&#8221;]Dados Legais[\/mk_fancy_title][mk_padding_divider size=&#8221;150&#8243; visibility=&#8221;hidden-sm&#8221;][\/vc_column][\/mk_page_section][vc_row][vc_column][mk_padding_divider size=&#8221;100&#8243;][\/vc_column][\/vc_row][vc_row][vc_column css=&#8221;.vc_custom_1496316034374{margin-top: 20px !important;}&#8221;][vc_column_text disable_pattern=&#8221;false&#8221; css=&#8221;.vc_custom_1528126378558{margin-bottom: 0px !important;}&#8221;]\n<div class=\"wpb_text_column wpb_content_element \">\n<div class=\"wpb_wrapper\">\n<p><strong>Informa\u00e7\u00e3o sobre DUCKDIVE &#8211; NATURE SPORTS<\/strong><br \/>\nNome da empresa: DUCKDIVE &#8211; NATURE SPORTS<br \/>\nNIPC: 514111550<br \/>\nObjecto: Com\u00e9rcio e retalho de produtos de desporto, artigos de vestu\u00e1rios e outros relacionados com a pr\u00e1tica desportiva. Desportos n\u00e1uticos e de aventura. Alojamento local. Forma\u00e7\u00e3o.<br \/>\nDomic\u00edlio social: Praia do Castelo, Costa da Caparica, Setubal<br \/>\nTelefone:\u00a0967102127<br \/>\nE-mail:\u00a0info@duckdive.pt<\/p>\n<\/div>\n<\/div>\n<div class=\"vc_empty_space\"><\/div>\n<div class=\"wpb_text_column wpb_content_element \">\n<div class=\"wpb_wrapper\">\n<p><strong>Informa\u00e7\u00e3o ao consumidor<\/strong><br \/>\n(Lei n\u00ba 144\/2015 de 8 de Setembro)<br \/>\nInformam-se os nossos clientes que esta empresa est\u00e1 ao dispor para qualquer esclarecimento ou resolu\u00e7\u00e3o de qualquer problema relacionado com os servi\u00e7os prestados e\/ou bens fornecidos por este este estabelecimento. Informa-se ainda que podem, enquanto consumidores, em caso de lit\u00edgio, referente a obriga\u00e7\u00f5es contratuais resultantes de compra e venda ou presta\u00e7\u00e3o de servi\u00e7os, recorrer \u00e0 seguinte Entidade de Resolu\u00e7\u00e3o:<br \/>\nEntidade de RAL: CNIACC \u2013 Centro Nacional de Informa\u00e7\u00e3o e Arbitragem de Conflitos e Consumo<br \/>\nEndere\u00e7o: Faculdade de Direito da Universidade Nova de Lisboa<br \/>\nCampus de Campolide, 1099-032 Lisboa<br \/>\nContacto telef\u00f3nico: 213847484 (das 15h \u00e0s 16h)<br \/>\nEmail:\u00a0acc@fct.unl.pt<br \/>\nP\u00e1gina Web: http:\/\/www.arbitragemdeconsumo.org\/<\/p>\n<\/div>\n<\/div>\n[\/vc_column_text][\/vc_column][\/vc_row][vc_row][vc_column][mk_padding_divider size=&#8221;140&#8243;][mk_fancy_title font_family=&#8221;none&#8221; align=&#8221;center&#8221;]\u00a9 2023 DUCKDIVE NATURE SPORTS, LDA. TODOS OS DIREITOS RESERVADOS.<\/p>\n<p>Tel.: 967102127 * Email: <a href=\"mailto:info@duckdive.pt\">info@duckdive.pt<\/a> * Morada: Praia do Castelo, Costa da Caparica, Setubal[\/mk_fancy_title][mk_fancy_title font_family=&#8221;none&#8221; align=&#8221;center&#8221;]<a href=\"https:\/\/www.duckdive.pt\/politica-de-cookies\/\">Politica de Cookies<\/a><\/p>\n<p><a href=\"https:\/\/www.duckdive.pt\/politica-de-privacidade\/\">Politica de Privacidade<\/a><\/p>\n<p><a href=\"https:\/\/www.duckdive.pt\/dados-legais\/\">Dados Legais<\/a>[\/mk_fancy_title][\/vc_column][\/vc_row]\n<\/div>","protected":false},"excerpt":{"rendered":"<p>[mk_page_section bg_image=&#8221;http:\/\/www.duckdive.pt\/wp-content\/uploads\/2016\/01\/dsc_2700.jpg&#8221; bg_position=&#8221;center center&#8221; bg_repeat=&#8221;no-repeat&#8221; bg_stretch=&#8221;true&#8221; enable_3d=&#8221;true&#8221; video_color_mask=&#8221;#000000&#8243; min_height=&#8221;0&#8243; full_width=&#8221;true&#8221; js_vertical_centered=&#8221;true&#8221; padding_top=&#8221;0&#8243; padding_bottom=&#8221;200&#8243; top_shape_color=&#8221;#ffffff&#8221; has_bottom_shape_divider=&#8221;true&#8221; bottom_shape_color=&#8221;#efefef&#8221; sidebar=&#8221;sidebar-1&#8243;][vc_column][mk_padding_divider size=&#8221;150&#8243; visibility=&#8221;hidden-sm&#8221;][mk_fancy_title color=&#8221;#ffffff&#8221; size=&#8221;72&#8243; force_font_size=&#8221;true&#8221; size_phone=&#8221;50&#8243; font_weight=&#8221;bolder&#8221; txt_transform=&#8221;uppercase&#8221; margin_bottom=&#8221;0&#8243; font_family=&#8221;Share+Tech+Mono&#8221; font_type=&#8221;google&#8221; align=&#8221;center&#8221; animation=&#8221;top-to-bottom&#8221;]Dados Legais[\/mk_fancy_title][mk_padding_divider size=&#8221;150&#8243; visibility=&#8221;hidden-sm&#8221;][\/vc_column][\/mk_page_section][vc_row][vc_column][mk_padding_divider size=&#8221;100&#8243;][\/vc_column][\/vc_row][vc_row][vc_column css=&#8221;.vc_custom_1496316034374{margin-top: 20px !important;}&#8221;][vc_column_text disable_pattern=&#8221;false&#8221; css=&#8221;.vc_custom_1528126378558{margin-bottom: 0px !important;}&#8221;] Informa\u00e7\u00e3o sobre DUCKDIVE &#8211; NATURE SPORTS Nome da empresa: DUCKDIVE &#8211; NATURE SPORTS NIPC: [&hellip;]<\/p>\n","protected":false},"author":1,"featured_media":0,"parent":0,"menu_order":0,"comment_status":"closed","ping_status":"closed","template":"","meta":{"footnotes":""},"class_list":["post-10041","page","type-page","status-publish","hentry"],"_links":{"self":[{"href":"https:\/\/www.duckdive.pt\/en\/wp-json\/wp\/v2\/pages\/10041","targetHints":{"allow":["GET"]}}],"collection":[{"href":"https:\/\/www.duckdive.pt\/en\/wp-json\/wp\/v2\/pages"}],"about":[{"href":"https:\/\/www.duckdive.pt\/en\/wp-json\/wp\/v2\/types\/page"}],"author":[{"embeddable":true,"href":"https:\/\/www.duckdive.pt\/en\/wp-json\/wp\/v2\/users\/1"}],"replies":[{"embeddable":true,"href":"https:\/\/www.duckdive.pt\/en\/wp-json\/wp\/v2\/comments?post=10041"}],"version-history":[{"count":0,"href":"https:\/\/www.duckdive.pt\/en\/wp-json\/wp\/v2\/pages\/10041\/revisions"}],"wp:attachment":[{"href":"https:\/\/www.duckdive.pt\/en\/wp-json\/wp\/v2\/media?parent=10041"}],"curies":[{"name":"wp","href":"https:\/\/api.w.org\/{rel}","templated":true}]}}