{"id":10069,"date":"2018-07-04T15:36:01","date_gmt":"2018-07-04T15:36:01","guid":{"rendered":"https:\/\/www.duckdive.pt\/?page_id=10069"},"modified":"2023-01-19T10:05:10","modified_gmt":"2023-01-19T10:05:10","slug":"legal-data","status":"publish","type":"page","link":"https:\/\/www.duckdive.pt\/en\/legal-data\/","title":{"rendered":"Legal Data"},"content":{"rendered":"<div class=\"wpb-content-wrapper\">[mk_page_section bg_image=&#8221;http:\/\/www.duckdive.pt\/wp-content\/uploads\/2016\/01\/dsc_2700.jpg&#8221; bg_position=&#8221;center center&#8221; bg_repeat=&#8221;no-repeat&#8221; bg_stretch=&#8221;true&#8221; enable_3d=&#8221;true&#8221; video_color_mask=&#8221;#000000&#8243; min_height=&#8221;0&#8243; full_width=&#8221;true&#8221; js_vertical_centered=&#8221;true&#8221; padding_top=&#8221;0&#8243; padding_bottom=&#8221;200&#8243; top_shape_color=&#8221;#ffffff&#8221; has_bottom_shape_divider=&#8221;true&#8221; bottom_shape_color=&#8221;#efefef&#8221; sidebar=&#8221;sidebar-1&#8243;][vc_column][mk_padding_divider size=&#8221;150&#8243; visibility=&#8221;hidden-sm&#8221;][mk_fancy_title color=&#8221;#ffffff&#8221; size=&#8221;72&#8243; force_font_size=&#8221;true&#8221; size_phone=&#8221;50&#8243; font_weight=&#8221;bolder&#8221; txt_transform=&#8221;uppercase&#8221; margin_bottom=&#8221;0&#8243; font_family=&#8221;Share+Tech+Mono&#8221; font_type=&#8221;google&#8221; align=&#8221;center&#8221; animation=&#8221;top-to-bottom&#8221;]Legal Data[\/mk_fancy_title][mk_padding_divider size=&#8221;150&#8243; visibility=&#8221;hidden-sm&#8221;][\/vc_column][\/mk_page_section][vc_row][vc_column][mk_padding_divider size=&#8221;100&#8243;][\/vc_column][\/vc_row][vc_row][vc_column css=&#8221;.vc_custom_1496316034374{margin-top: 20px !important;}&#8221;][vc_column_text disable_pattern=&#8221;false&#8221; css=&#8221;.vc_custom_1531235462482{margin-bottom: 0px !important;}&#8221;]\n<div class=\"wpb_text_column wpb_content_element \">\n<div class=\"wpb_wrapper\">\n<p><strong>Information about DUCKDIVE \u2013 NATURE SPORTS UNIPESSOAL LDA<\/strong><br \/>\nCompany: DUCKDIVE \u2013 NATURE SPORTS UNIPESSOAL LDA<br \/>\nNICP: 514020750<br \/>\nObject:\u00a0Consultadoria e forma\u00e7\u00e3o, nomeadamente na \u00e1rea da inform\u00e1tica e das novas tecnologias de informa\u00e7\u00e3o e comunica\u00e7\u00e3o, a n\u00edvel nacional e internacional. Concep\u00e7\u00e3o, desenvolvimento e implementa\u00e7\u00e3o de solu\u00e7\u00f5es e produtos inform\u00e1ticos e de gest\u00e3o, assim como desenvolvimento de plataformas e\u00adlearning.<br \/>\nRegistered address:\u00a0Rua Carqueja \u00e0s Quintinhas n\u00ba10 2820-296 Charneca de Caparica<br \/>\nPhone: E-mail: info@duckdive.pt<\/p>\n<\/div>\n<\/div>\n<div class=\"vc_empty_space\"><\/div>\n<div class=\"wpb_text_column wpb_content_element \">\n<div class=\"wpb_wrapper\">\n<p><strong>Consumer Information<\/strong><br \/>\n(Law n\u00ba 144\/2015 de 8 September)<br \/>\nWe hereby inform our clients that this company is available for the clarification and settlement of any problems regarding the services provided and\/or the goods delivered by this establishment. In\u00a0the event\u00a0of litigation concerning contractual obligations stemming from the buying and selling or service provision, consumers may resort to the following Settlement Body:<br \/>\nAlternative Dispute Resolution entity: CNIACC \u2013 Centro Nacional de\u00a0Informa\u00e7\u00e3o e\u00a0Arbitragem de\u00a0Conflitos e\u00a0Consumo<br \/>\nAddress:\u00a0Faculdade de\u00a0Direito da\u00a0Universidade Nova de\u00a0Lisboa<br \/>\nCampus de\u00a0Campolide, 1099-032\u00a0Lisboa<br \/>\nPhone: 213847484 (das 15h\u00a0\u00e0s 16h)<br \/>\nEmail:\u00a0<a href=\"mailto:acc@fct.unl.pt\">acc@fct.unl.pt<\/a><br \/>\nWebpage:\u00a0<a href=\"http:\/\/www.arbitragemdeconsumo.org\/\">http:\/\/www.arbitragemdeconsumo.org\/\u00a0<\/a><\/p>\n<\/div>\n<\/div>\n[\/vc_column_text][\/vc_column][\/vc_row][vc_row][vc_column][mk_padding_divider size=&#8221;140&#8243;][mk_fancy_title font_family=&#8221;none&#8221; align=&#8221;center&#8221;]\u00a9 2023 DUCKDIVE NATURE SPORTS, LDA. TODOS OS DIREITOS RESERVADOS.<\/p>\n<p>Tel.: 967102127 * Cost of a call to the national mobile network<\/p>\n<p>Email: <a href=\"mailto:info@duckdive.pt\">info@duckdive.pt<\/a> * Morada: Praia do Castelo, Costa da Caparica, Setubal[\/mk_fancy_title][mk_fancy_title font_family=&#8221;none&#8221; align=&#8221;center&#8221;]<a href=\"https:\/\/www.duckdive.pt\/politica-de-cookies\/\">Politica de Cookies<\/a><\/p>\n<p><a href=\"https:\/\/www.duckdive.pt\/politica-de-privacidade\/\">Politica de Privacidade<\/a><\/p>\n<p><a href=\"https:\/\/www.duckdive.pt\/dados-legais\/\">Dados Legais<\/a>[\/mk_fancy_title][\/vc_column][\/vc_row]\n<\/div>","protected":false},"excerpt":{"rendered":"<p>[mk_page_section bg_image=&#8221;http:\/\/www.duckdive.pt\/wp-content\/uploads\/2016\/01\/dsc_2700.jpg&#8221; bg_position=&#8221;center center&#8221; bg_repeat=&#8221;no-repeat&#8221; bg_stretch=&#8221;true&#8221; enable_3d=&#8221;true&#8221; video_color_mask=&#8221;#000000&#8243; min_height=&#8221;0&#8243; full_width=&#8221;true&#8221; js_vertical_centered=&#8221;true&#8221; padding_top=&#8221;0&#8243; padding_bottom=&#8221;200&#8243; top_shape_color=&#8221;#ffffff&#8221; has_bottom_shape_divider=&#8221;true&#8221; bottom_shape_color=&#8221;#efefef&#8221; sidebar=&#8221;sidebar-1&#8243;][vc_column][mk_padding_divider size=&#8221;150&#8243; visibility=&#8221;hidden-sm&#8221;][mk_fancy_title color=&#8221;#ffffff&#8221; size=&#8221;72&#8243; force_font_size=&#8221;true&#8221; size_phone=&#8221;50&#8243; font_weight=&#8221;bolder&#8221; txt_transform=&#8221;uppercase&#8221; margin_bottom=&#8221;0&#8243; font_family=&#8221;Share+Tech+Mono&#8221; font_type=&#8221;google&#8221; align=&#8221;center&#8221; animation=&#8221;top-to-bottom&#8221;]Legal Data[\/mk_fancy_title][mk_padding_divider size=&#8221;150&#8243; visibility=&#8221;hidden-sm&#8221;][\/vc_column][\/mk_page_section][vc_row][vc_column][mk_padding_divider size=&#8221;100&#8243;][\/vc_column][\/vc_row][vc_row][vc_column css=&#8221;.vc_custom_1496316034374{margin-top: 20px !important;}&#8221;][vc_column_text disable_pattern=&#8221;false&#8221; css=&#8221;.vc_custom_1531235462482{margin-bottom: 0px !important;}&#8221;] Information about DUCKDIVE \u2013 NATURE SPORTS UNIPESSOAL LDA Company: DUCKDIVE \u2013 NATURE SPORTS UNIPESSOAL [&hellip;]<\/p>\n","protected":false},"author":1,"featured_media":0,"parent":0,"menu_order":0,"comment_status":"closed","ping_status":"closed","template":"","meta":{"footnotes":""},"class_list":["post-10069","page","type-page","status-publish","hentry"],"_links":{"self":[{"href":"https:\/\/www.duckdive.pt\/en\/wp-json\/wp\/v2\/pages\/10069","targetHints":{"allow":["GET"]}}],"collection":[{"href":"https:\/\/www.duckdive.pt\/en\/wp-json\/wp\/v2\/pages"}],"about":[{"href":"https:\/\/www.duckdive.pt\/en\/wp-json\/wp\/v2\/types\/page"}],"author":[{"embeddable":true,"href":"https:\/\/www.duckdive.pt\/en\/wp-json\/wp\/v2\/users\/1"}],"replies":[{"embeddable":true,"href":"https:\/\/www.duckdive.pt\/en\/wp-json\/wp\/v2\/comments?post=10069"}],"version-history":[{"count":0,"href":"https:\/\/www.duckdive.pt\/en\/wp-json\/wp\/v2\/pages\/10069\/revisions"}],"wp:attachment":[{"href":"https:\/\/www.duckdive.pt\/en\/wp-json\/wp\/v2\/media?parent=10069"}],"curies":[{"name":"wp","href":"https:\/\/api.w.org\/{rel}","templated":true}]}}